{"id":226,"date":"2024-01-24T08:27:09","date_gmt":"2024-01-24T07:27:09","guid":{"rendered":"https:\/\/www.bonsai974.com\/?page_id=226"},"modified":"2026-01-02T09:11:51","modified_gmt":"2026-01-02T08:11:51","slug":"contact","status":"publish","type":"page","link":"https:\/\/www.bonsai974.com\/index.php\/contact\/","title":{"rendered":"CONTACT"},"content":{"rendered":"\t\t<div data-elementor-type=\"wp-page\" data-elementor-id=\"226\" class=\"elementor elementor-226\" data-elementor-post-type=\"page\">\n\t\t\t\t<div class=\"elementor-element elementor-element-440e326f e-con-full e-flex e-con e-parent\" data-id=\"440e326f\" data-element_type=\"container\" data-e-type=\"container\" data-settings=\"{&quot;ekit_has_onepagescroll_dot&quot;:&quot;yes&quot;}\">\n\t\t<div class=\"elementor-element elementor-element-a57c5b2 e-flex e-con-boxed e-con e-child\" data-id=\"a57c5b2\" data-element_type=\"container\" data-e-type=\"container\" data-settings=\"{&quot;ekit_has_onepagescroll_dot&quot;:&quot;yes&quot;}\">\n\t\t\t\t\t<div class=\"e-con-inner\">\n\t\t\t\t<div class=\"elementor-element elementor-element-23490b1f elementor-widget__width-initial elementor-widget elementor-widget-text-editor\" data-id=\"23490b1f\" data-element_type=\"widget\" data-e-type=\"widget\" data-settings=\"{&quot;ekit_we_effect_on&quot;:&quot;none&quot;}\" data-widget_type=\"text-editor.default\">\n\t\t\t\t<div class=\"elementor-widget-container\">\n\t\t\t\t\t\t\t\t\t<div class=\"frm_forms  with_frm_style frm_style_style-formidable\" id=\"frm_form_1_container\" >\n<form enctype=\"multipart\/form-data\" method=\"post\" class=\"frm-show-form  frm_js_validate  frm_ajax_submit \" id=\"form_contact-form\" >\n<div class=\"frm_form_fields \">\n<fieldset>\n<legend class=\"frm_screen_reader\">Contact Us<\/legend>\r\n\r\n<div class=\"frm_fields_container\">\n<input type=\"hidden\" name=\"frm_action\" value=\"create\" \/>\n<input type=\"hidden\" name=\"form_id\" value=\"1\" \/>\n<input type=\"hidden\" name=\"frm_hide_fields_1\" id=\"frm_hide_fields_1\" value=\"\" \/>\n<input type=\"hidden\" name=\"form_key\" value=\"contact-form\" \/>\n<input type=\"hidden\" name=\"item_meta[0]\" value=\"\" \/>\n<input type=\"hidden\" id=\"frm_submit_entry_1\" name=\"frm_submit_entry_1\" value=\"ebe0ff9aeb\" \/><input type=\"hidden\" name=\"_wp_http_referer\" value=\"\/index.php\/wp-json\/wp\/v2\/pages\/226\" \/><div id=\"frm_field_1_container\" class=\"frm_form_field form-field  frm_required_field frm_top_container frm_half frm_two_thirds\">\r\n    <label for=\"field_qh4icy\" id=\"field_qh4icy_label\" class=\"frm_primary_label\">NOM\r\n        <span class=\"frm_required\" aria-hidden=\"true\">*<\/span>\r\n    <\/label>\r\n    <input type=\"text\" id=\"field_qh4icy\" name=\"item_meta[1]\" value=\"\"  placeholder=\"Votre Nom et\/ou Pr\u00e9nom\" data-reqmsg=\"Ce champ ne peut pas \u00eatre vide\" aria-required=\"true\" data-invmsg=\"Name est non valide\" aria-invalid=\"false\"  \/>\r\n    \r\n    \r\n<\/div>\n<div id=\"frm_field_3_container\" class=\"frm_form_field form-field  frm_required_field frm_top_container frm_two_thirds\">\r\n    <label for=\"field_29yf4d\" id=\"field_29yf4d_label\" class=\"frm_primary_label\">Email\r\n        <span class=\"frm_required\" aria-hidden=\"true\">*<\/span>\r\n    <\/label>\r\n    <input type=\"email\" id=\"field_29yf4d\" name=\"item_meta[3]\" value=\"Votre Email\"  data-frmval=\"Votre Email\" data-reqmsg=\"Ce champ ne peut pas \u00eatre vide\" aria-required=\"true\" data-invmsg=\"Veuillez entrer une adresse Email valide.\" aria-invalid=\"false\"  \/>\r\n    \r\n    \r\n<\/div>\n<div id=\"frm_field_6_container\" class=\"frm_form_field form-field  frm_required_field frm_top_container frm_two_thirds\">\r\n    <label for=\"field_q41jh\" id=\"field_q41jh_label\" class=\"frm_primary_label\">Sujet\r\n        <span class=\"frm_required\" aria-hidden=\"true\">*<\/span>\r\n    <\/label>\r\n    \t\t<select name=\"item_meta[6]\" id=\"field_q41jh\"  data-reqmsg=\"Ce champ ne peut pas \u00eatre vide\" aria-required=\"true\" data-invmsg=\"Sujet est non valide\" aria-invalid=\"false\"  >\n\t\t<option  value=\"Demande d&#039;information g\u00e9n\u00e9rale\">Demande d&#039;information g\u00e9n\u00e9rale<\/option><option  value=\"Formation\">Formation<\/option><option  value=\"Achat Bonsai\">Achat Bonsai<\/option><option  value=\"Demande de tarif\">Demande de tarif<\/option><option  value=\"Autre\">Autre<\/option>\t<\/select>\n\t\r\n    <div class=\"frm_description\" id=\"frm_desc_field_q41jh\">Veuillez s\u00e9lectionner l'objet de votre message.<\/div>\r\n    \r\n<\/div>\n<div id=\"frm_field_5_container\" class=\"frm_form_field form-field  frm_required_field frm_top_container frm_two_thirds\">\r\n    <label for=\"field_9jv0r1\" id=\"field_9jv0r1_label\" class=\"frm_primary_label\">Message\r\n        <span class=\"frm_required\" aria-hidden=\"true\">*<\/span>\r\n    <\/label>\r\n    <textarea name=\"item_meta[5]\" id=\"field_9jv0r1\" rows=\"5\"  data-reqmsg=\"Ce champ ne peut pas \u00eatre vide\" aria-required=\"true\" data-invmsg=\"Message est non valide\" aria-invalid=\"false\"  ><\/textarea>\r\n    \r\n    \r\n<\/div>\n\t<input type=\"hidden\" name=\"item_key\" value=\"\" \/>\n\t\t\t<div id=\"frm_field_10_container\">\n\t\t\t<label for=\"field_11apj\" >\n\t\t\t\tSi vous \u00eates un humain, ne remplissez pas ce champ.\t\t\t<\/label>\n\t\t\t<input  id=\"field_11apj\" type=\"text\" class=\"frm_form_field form-field frm_verify\" name=\"item_meta[10]\" value=\"\"  \/>\n\t\t<\/div>\n\t\t<input name=\"frm_state\" type=\"hidden\" value=\"2wGRNpqD71PPQaA6fgumlb1+nqgy5sK4L3mNB9+uQ8I=\" \/><div class=\"frm_submit\">\r\n\r\n<button class=\"frm_button_submit\" type=\"submit\"  >Envoyer<\/button>\r\n\r\n\r\n<\/div><\/div>\n<\/fieldset>\n<\/div>\n\n<\/form>\n<\/div>\n\t\t\t\t\t\t\t\t<\/div>\n\t\t\t\t<\/div>\n\t\t\t\t\t<\/div>\n\t\t\t\t<\/div>\n\t\t\t\t<\/div>\n\t\t\t\t<\/div>\n\t\t","protected":false},"excerpt":{"rendered":"","protected":false},"author":1,"featured_media":0,"parent":0,"menu_order":0,"comment_status":"closed","ping_status":"closed","template":"","meta":{"footnotes":""},"class_list":["post-226","page","type-page","status-publish","hentry","entry"],"yoast_head":"<!-- This site is optimized with the Yoast SEO plugin v27.4 - https:\/\/yoast.com\/product\/yoast-seo-wordpress\/ -->\n<title>CONTACT - Bonsai974.com<\/title>\n<meta name=\"robots\" content=\"index, follow, max-snippet:-1, max-image-preview:large, max-video-preview:-1\" \/>\n<link rel=\"canonical\" href=\"https:\/\/b974.fr\/contact\" \/>\n<meta property=\"og:locale\" content=\"fr_FR\" \/>\n<meta property=\"og:type\" content=\"article\" \/>\n<meta property=\"og:title\" content=\"CONTACT - Bonsai974.com\" \/>\n<meta property=\"og:url\" content=\"https:\/\/b974.fr\/contact\" \/>\n<meta property=\"og:site_name\" content=\"Bonsai974.com\" \/>\n<meta property=\"article:publisher\" content=\"https:\/\/www.facebook.com\/profile.php?id=61550115126938\" \/>\n<meta property=\"article:modified_time\" content=\"2026-01-02T08:11:51+00:00\" \/>\n<meta name=\"twitter:card\" content=\"summary_large_image\" \/>\n<meta name=\"twitter:label1\" content=\"Dur\u00e9e de lecture estim\u00e9e\" \/>\n\t<meta name=\"twitter:data1\" content=\"1 minute\" \/>\n<script type=\"application\/ld+json\" class=\"yoast-schema-graph\">{\"@context\":\"https:\\\/\\\/schema.org\",\"@graph\":[{\"@type\":\"WebPage\",\"@id\":\"https:\\\/\\\/www.bonsai974.com\\\/index.php\\\/contact\\\/\",\"url\":\"https:\\\/\\\/b974.fr\\\/contact\",\"name\":\"CONTACT - Bonsai974.com\",\"isPartOf\":{\"@id\":\"https:\\\/\\\/www.bonsai974.com\\\/#website\"},\"datePublished\":\"2024-01-24T07:27:09+00:00\",\"dateModified\":\"2026-01-02T08:11:51+00:00\",\"breadcrumb\":{\"@id\":\"https:\\\/\\\/b974.fr\\\/contact#breadcrumb\"},\"inLanguage\":\"fr-FR\",\"potentialAction\":[{\"@type\":\"ReadAction\",\"target\":[\"https:\\\/\\\/b974.fr\\\/contact\"]}]},{\"@type\":\"BreadcrumbList\",\"@id\":\"https:\\\/\\\/b974.fr\\\/contact#breadcrumb\",\"itemListElement\":[{\"@type\":\"ListItem\",\"position\":1,\"name\":\"Accueil\",\"item\":\"https:\\\/\\\/www.bonsai974.com\\\/\"},{\"@type\":\"ListItem\",\"position\":2,\"name\":\"CONTACT\"}]},{\"@type\":\"WebSite\",\"@id\":\"https:\\\/\\\/www.bonsai974.com\\\/#website\",\"url\":\"https:\\\/\\\/www.bonsai974.com\\\/\",\"name\":\"bonsai974.com\",\"description\":\"Bonsai Artist\",\"publisher\":{\"@id\":\"https:\\\/\\\/www.bonsai974.com\\\/#\\\/schema\\\/person\\\/b5820fa52c38461d12d33337e7a583bf\"},\"potentialAction\":[{\"@type\":\"SearchAction\",\"target\":{\"@type\":\"EntryPoint\",\"urlTemplate\":\"https:\\\/\\\/www.bonsai974.com\\\/?s={search_term_string}\"},\"query-input\":{\"@type\":\"PropertyValueSpecification\",\"valueRequired\":true,\"valueName\":\"search_term_string\"}}],\"inLanguage\":\"fr-FR\"},{\"@type\":[\"Person\",\"Organization\"],\"@id\":\"https:\\\/\\\/www.bonsai974.com\\\/#\\\/schema\\\/person\\\/b5820fa52c38461d12d33337e7a583bf\",\"name\":\"Manuel TURPIN\",\"image\":{\"@type\":\"ImageObject\",\"inLanguage\":\"fr-FR\",\"@id\":\"https:\\\/\\\/www.bonsai974.com\\\/wp-content\\\/uploads\\\/2023\\\/11\\\/avatar-2.webp\",\"url\":\"https:\\\/\\\/www.bonsai974.com\\\/wp-content\\\/uploads\\\/2023\\\/11\\\/avatar-2.webp\",\"contentUrl\":\"https:\\\/\\\/www.bonsai974.com\\\/wp-content\\\/uploads\\\/2023\\\/11\\\/avatar-2.webp\",\"width\":1800,\"height\":1200,\"caption\":\"Manuel TURPIN\"},\"logo\":{\"@id\":\"https:\\\/\\\/www.bonsai974.com\\\/wp-content\\\/uploads\\\/2023\\\/11\\\/avatar-2.webp\"},\"description\":\"\ud83c\udf33 Artiste Bonsai \ud83d\udcdc certifi\u00e9 par l\u2019Association Nationale Japonaise de Bonsai \ud83c\uddf7\ud83c\uddea Bas\u00e9 \u00e0 La R\u00e9union\",\"sameAs\":[\"http:\\\/\\\/www.bonsai974.com\",\"https:\\\/\\\/www.facebook.com\\\/profile.php?id=61550115126938\",\"https:\\\/\\\/www.instagram.com\\\/manu_bonsai974\\\/\"]}]}<\/script>\n<!-- \/ Yoast SEO plugin. -->","yoast_head_json":{"title":"CONTACT - Bonsai974.com","robots":{"index":"index","follow":"follow","max-snippet":"max-snippet:-1","max-image-preview":"max-image-preview:large","max-video-preview":"max-video-preview:-1"},"canonical":"https:\/\/b974.fr\/contact","og_locale":"fr_FR","og_type":"article","og_title":"CONTACT - Bonsai974.com","og_url":"https:\/\/b974.fr\/contact","og_site_name":"Bonsai974.com","article_publisher":"https:\/\/www.facebook.com\/profile.php?id=61550115126938","article_modified_time":"2026-01-02T08:11:51+00:00","twitter_card":"summary_large_image","twitter_misc":{"Dur\u00e9e de lecture estim\u00e9e":"1 minute"},"schema":{"@context":"https:\/\/schema.org","@graph":[{"@type":"WebPage","@id":"https:\/\/www.bonsai974.com\/index.php\/contact\/","url":"https:\/\/b974.fr\/contact","name":"CONTACT - Bonsai974.com","isPartOf":{"@id":"https:\/\/www.bonsai974.com\/#website"},"datePublished":"2024-01-24T07:27:09+00:00","dateModified":"2026-01-02T08:11:51+00:00","breadcrumb":{"@id":"https:\/\/b974.fr\/contact#breadcrumb"},"inLanguage":"fr-FR","potentialAction":[{"@type":"ReadAction","target":["https:\/\/b974.fr\/contact"]}]},{"@type":"BreadcrumbList","@id":"https:\/\/b974.fr\/contact#breadcrumb","itemListElement":[{"@type":"ListItem","position":1,"name":"Accueil","item":"https:\/\/www.bonsai974.com\/"},{"@type":"ListItem","position":2,"name":"CONTACT"}]},{"@type":"WebSite","@id":"https:\/\/www.bonsai974.com\/#website","url":"https:\/\/www.bonsai974.com\/","name":"bonsai974.com","description":"Bonsai Artist","publisher":{"@id":"https:\/\/www.bonsai974.com\/#\/schema\/person\/b5820fa52c38461d12d33337e7a583bf"},"potentialAction":[{"@type":"SearchAction","target":{"@type":"EntryPoint","urlTemplate":"https:\/\/www.bonsai974.com\/?s={search_term_string}"},"query-input":{"@type":"PropertyValueSpecification","valueRequired":true,"valueName":"search_term_string"}}],"inLanguage":"fr-FR"},{"@type":["Person","Organization"],"@id":"https:\/\/www.bonsai974.com\/#\/schema\/person\/b5820fa52c38461d12d33337e7a583bf","name":"Manuel TURPIN","image":{"@type":"ImageObject","inLanguage":"fr-FR","@id":"https:\/\/www.bonsai974.com\/wp-content\/uploads\/2023\/11\/avatar-2.webp","url":"https:\/\/www.bonsai974.com\/wp-content\/uploads\/2023\/11\/avatar-2.webp","contentUrl":"https:\/\/www.bonsai974.com\/wp-content\/uploads\/2023\/11\/avatar-2.webp","width":1800,"height":1200,"caption":"Manuel TURPIN"},"logo":{"@id":"https:\/\/www.bonsai974.com\/wp-content\/uploads\/2023\/11\/avatar-2.webp"},"description":"\ud83c\udf33 Artiste Bonsai \ud83d\udcdc certifi\u00e9 par l\u2019Association Nationale Japonaise de Bonsai \ud83c\uddf7\ud83c\uddea Bas\u00e9 \u00e0 La R\u00e9union","sameAs":["http:\/\/www.bonsai974.com","https:\/\/www.facebook.com\/profile.php?id=61550115126938","https:\/\/www.instagram.com\/manu_bonsai974\/"]}]}},"_links":{"self":[{"href":"https:\/\/www.bonsai974.com\/index.php\/wp-json\/wp\/v2\/pages\/226","targetHints":{"allow":["GET"]}}],"collection":[{"href":"https:\/\/www.bonsai974.com\/index.php\/wp-json\/wp\/v2\/pages"}],"about":[{"href":"https:\/\/www.bonsai974.com\/index.php\/wp-json\/wp\/v2\/types\/page"}],"author":[{"embeddable":true,"href":"https:\/\/www.bonsai974.com\/index.php\/wp-json\/wp\/v2\/users\/1"}],"replies":[{"embeddable":true,"href":"https:\/\/www.bonsai974.com\/index.php\/wp-json\/wp\/v2\/comments?post=226"}],"version-history":[{"count":16,"href":"https:\/\/www.bonsai974.com\/index.php\/wp-json\/wp\/v2\/pages\/226\/revisions"}],"predecessor-version":[{"id":259,"href":"https:\/\/www.bonsai974.com\/index.php\/wp-json\/wp\/v2\/pages\/226\/revisions\/259"}],"wp:attachment":[{"href":"https:\/\/www.bonsai974.com\/index.php\/wp-json\/wp\/v2\/media?parent=226"}],"curies":[{"name":"wp","href":"https:\/\/api.w.org\/{rel}","templated":true}]}}